{"id":553,"date":"2018-06-05T07:06:15","date_gmt":"2018-06-05T07:06:15","guid":{"rendered":"https:\/\/doingnothing.de\/?page_id=553"},"modified":"2018-06-14T08:13:12","modified_gmt":"2018-06-14T08:13:12","slug":"impressum","status":"publish","type":"page","link":"https:\/\/doingnothing.de\/en\/impressum\/","title":{"rendered":"Impressum"},"content":{"rendered":"<p class=\"p1\">Rani Kaluza<br \/>\nRolandswerther Str. 14<br \/>\n50937 K\u00f6ln<\/p>\n<p class=\"p1\">Telefon: 0221 240 69 97<br \/>\nE-Mail: <a href=\"mailto:weissefeder@netcologne.de\">weissefeder(at)netcologne.de<\/a><\/p>\n<p class=\"p1\">Doing Nothing auf\u00a0<a href=\"https:\/\/www.facebook.com\/DoingNothingRetreats?fref=ts\">Facebook<\/a><\/p>\n<p class=\"p1\">Ust-IdNr.gem\u00e4\u00df \u00a727a Umsatzsteuergesetz: 214\/5105\/1043<\/p>\n<p>Webdesign: <a href=\"http:\/\/www.friedrichmayer.com\">Friedrich Mayer<\/a><\/p>\n<h3 class=\"p1\">Haftungshinweis<\/h3>\n<p class=\"p1\">Eine Verwertung aller Inhalte und Abbildungen, insbesondere durch Vervielf\u00e4ltigung oder Verbreitung, ist ohne vorherige schriftliche Zustimmung unzul\u00e4ssig und strafbar, soweit sich aus dem Urheberrechtsgesetz nichts anderes ergibt.<\/p>\n<p class=\"p1\">Trotz sorgf\u00e4ltiger Kontrolle der Inhalte externer Links \u00fcbernehme ich f\u00fcr diese keine Haftung. F\u00fcr die Inhalte der verlinkten Seiten sind die Betreiber dieser Seiten ausschlie\u00dflich selbst verantwortlich.<\/p>\n","protected":false},"excerpt":{"rendered":"<p>Rani Kaluza Rolandswerther Str. 14 50937 K\u00f6ln Telefon: 0221 240 69 97 E-Mail: weissefeder(at)netcologne.de Doing Nothing auf\u00a0Facebook Ust-IdNr.gem\u00e4\u00df \u00a727a Umsatzsteuergesetz: 214\/5105\/1043 Webdesign: Friedrich Mayer Haftungshinweis Eine Verwertung aller Inhalte und Abbildungen, insbesondere durch Vervielf\u00e4ltigung oder Verbreitung, ist ohne vorherige schriftliche<\/p>\n","protected":false},"author":1,"featured_media":0,"parent":0,"menu_order":0,"comment_status":"closed","ping_status":"closed","template":"","meta":{"footnotes":""},"translation":{"provider":"WPGlobus","version":"3.0.0","language":"en","enabled_languages":["de","en"],"languages":{"de":{"title":true,"content":true,"excerpt":false},"en":{"title":false,"content":false,"excerpt":false}}},"_links":{"self":[{"href":"https:\/\/doingnothing.de\/en\/wp-json\/wp\/v2\/pages\/553"}],"collection":[{"href":"https:\/\/doingnothing.de\/en\/wp-json\/wp\/v2\/pages"}],"about":[{"href":"https:\/\/doingnothing.de\/en\/wp-json\/wp\/v2\/types\/page"}],"author":[{"embeddable":true,"href":"https:\/\/doingnothing.de\/en\/wp-json\/wp\/v2\/users\/1"}],"replies":[{"embeddable":true,"href":"https:\/\/doingnothing.de\/en\/wp-json\/wp\/v2\/comments?post=553"}],"version-history":[{"count":5,"href":"https:\/\/doingnothing.de\/en\/wp-json\/wp\/v2\/pages\/553\/revisions"}],"predecessor-version":[{"id":610,"href":"https:\/\/doingnothing.de\/en\/wp-json\/wp\/v2\/pages\/553\/revisions\/610"}],"wp:attachment":[{"href":"https:\/\/doingnothing.de\/en\/wp-json\/wp\/v2\/media?parent=553"}],"curies":[{"name":"wp","href":"https:\/\/api.w.org\/{rel}","templated":true}]}}