{"id":4545,"date":"2023-10-02T10:12:45","date_gmt":"2023-10-02T10:12:45","guid":{"rendered":"https:\/\/doingnothing.de\/?page_id=4545"},"modified":"2025-07-25T12:03:33","modified_gmt":"2025-07-25T12:03:33","slug":"aufzeichnungen","status":"publish","type":"page","link":"https:\/\/doingnothing.de\/en\/aufzeichnungen\/","title":{"rendered":"Licht denken &#8211; Aufzeichnungen"},"content":{"rendered":"\n<p class=\"has-text-color has-link-color has-medium-font-size wp-elements-ae6ea27713285dc9975e501930146c2e\" style=\"color:#a42b2b\"><img decoding=\"async\" class=\"wp-image-4718\" style=\"width: 350px;\" src=\"https:\/\/doingnothing.de\/wp-content\/uploads\/2023\/11\/Bildschirmfoto-2023-11-11-um-16.32.57.png\" alt=\"\">In ihrer neuen Sammlung <em>Aufzeichnungen<\/em> mit dem Titel &#8220;Licht denken&#8221; beschreibt Rani Kaluza ber\u00fchrende und zutiefst einfache Momente eines spirituell ausgerichteten Lebens.<\/p>\n\n\n\n<p class=\"has-text-color has-link-color wp-elements-0057c9850161ebd7f0a28268da0f53b9\" style=\"color:#3b26d6\">&#8220;So viele Leben, so viele Siege und Niederlagen, nur damit wir uns\u00a0am Ende in die unscheinbarsten Momente verlieben konnten.&#8221;<\/p>\n\n\n\n<p class=\"has-text-color has-link-color wp-elements-a0f361006fde8c89378c76ef0ec959ec\" style=\"color:#3b26d6\">&#8220;An manchen Tagen ging ich versehentlich aus dem Haus, ohne zuvor in den Spiegel geschaut zu haben, ohne zu wissen, wie meine Haare lagen, und es waren nicht die schlechtesten Tage.&#8221;<\/p>\n\n\n\n<p class=\"has-text-color has-link-color wp-elements-df0a76a689c4ee53e6bc4abc499c5a1e\" style=\"color:#3b26d6\">&#8220;Sobald ich bemerkte, ich w\u00fcrde es nur tun, um die Offenheit des Augenblicks zu vermeiden, tat ich es nicht. &#8220;Sobald ich bemerkte, ich w\u00fcrde es nur sagen, um die Stille des Momentes zu verdr\u00e4ngen, sagte ich es nicht.&#8221;<\/p>\n\n\n\n<p class=\"has-text-color has-link-color wp-elements-a642c3295eccf8466ede499695e3e38b\" style=\"color:#992f2f\"><strong>Das Buch hat 224 Seiten, enth\u00e4lt \u00fcber 250 Aufzeichnungen und 19 Pinselzeichnungen der Autorin. <\/strong>(Verlag: Tredition)<\/p>\n\n\n\n<p class=\"has-text-align-center\"><img loading=\"lazy\" decoding=\"async\" width=\"300\" height=\"478\" class=\"wp-image-5799\" style=\"width: 300px;\" src=\"https:\/\/doingnothing.de\/wp-content\/uploads\/2025\/04\/31NYuGUWCuL._SY445_SX342_.jpg\" alt=\"\" srcset=\"https:\/\/doingnothing.de\/wp-content\/uploads\/2025\/04\/31NYuGUWCuL._SY445_SX342_.jpg 279w, https:\/\/doingnothing.de\/wp-content\/uploads\/2025\/04\/31NYuGUWCuL._SY445_SX342_-188x300.jpg 188w\" sizes=\"(max-width: 300px) 100vw, 300px\" \/><\/p>\n\n\n\n<p class=\"has-text-align-center\"><strong>Bestellungen des Softcover f\u00fcr 16,50 + 2,- Porto bei Rani mit Widmung oder Signatur sind \u00fcber das Formular unten m\u00f6glich<\/strong>.<\/p>\n\n\n\n<p>***********************************************************************************************<\/p>\n\n\n\n<p class=\"has-text-color has-link-color has-medium-font-size wp-elements-4bd6890d4b1d9ab499d6e11b51142121\" style=\"color:#b03030\">Ranis erstes Buch <em>Aufzeichnungen<\/em> <strong>&#8220;Der Wind und die Gardine<\/strong>&#8221; von 2007 kann ebenfalls \u00fcber das Formular bestellt werden. Es kostet 12,50 + 2,- Porto.<\/p>\n\n\n\n<p class=\"has-text-align-center has-text-color\" style=\"color:#354249\">.<img loading=\"lazy\" decoding=\"async\" width=\"300\" height=\"454\" class=\"wp-image-4622\" style=\"width: 300px;\" src=\"https:\/\/doingnothing.de\/wp-content\/uploads\/2023\/10\/Bildschirmfoto-2023-10-09-um-10.30.59.png\" alt=\"\" srcset=\"https:\/\/doingnothing.de\/wp-content\/uploads\/2023\/10\/Bildschirmfoto-2023-10-09-um-10.30.59.png 412w, https:\/\/doingnothing.de\/wp-content\/uploads\/2023\/10\/Bildschirmfoto-2023-10-09-um-10.30.59-198x300.png 198w\" sizes=\"(max-width: 300px) 100vw, 300px\" \/><\/p>\n\n\n\n<p><\/p>\n\n\n\n<div class=\"wp-block-contact-form-7-contact-form-selector\">\n<div class=\"wpcf7 no-js\" id=\"wpcf7-f4588-o1\" lang=\"de-DE\" dir=\"ltr\">\n<div class=\"screen-reader-response\"><p role=\"status\" aria-live=\"polite\" aria-atomic=\"true\"><\/p> <ul><\/ul><\/div>\n<form action=\"\/en\/wp-json\/wp\/v2\/pages\/4545#wpcf7-f4588-o1\" method=\"post\" class=\"wpcf7-form init\" aria-label=\"Kontaktformular\" novalidate=\"novalidate\" data-status=\"init\">\n<div style=\"display: none;\">\n<input type=\"hidden\" name=\"_wpcf7\" value=\"4588\" \/>\n<input type=\"hidden\" name=\"_wpcf7_version\" value=\"5.9.3\" \/>\n<input type=\"hidden\" name=\"_wpcf7_locale\" value=\"de_DE\" \/>\n<input type=\"hidden\" name=\"_wpcf7_unit_tag\" value=\"wpcf7-f4588-o1\" \/>\n<input type=\"hidden\" name=\"_wpcf7_container_post\" value=\"0\" \/>\n<input type=\"hidden\" name=\"_wpcf7_posted_data_hash\" value=\"\" \/>\n<\/div>\n<p><label> Ich m\u00f6chte <span class=\"wpcf7-form-control-wrap\" data-name=\"number-anzahl1\"><input class=\"wpcf7-form-control wpcf7-number wpcf7-validates-as-required wpcf7-validates-as-number\" min=\"0\" max=\"20\" aria-required=\"true\" aria-invalid=\"false\" value=\"0\" type=\"number\" name=\"number-anzahl1\" \/><\/span> Exemplare des Buchs \u201eLicht denken (Aufzeichnungen)\u201c bestellen. (Momentan hier nur als Hardcover: 16,50 + 2,- Versand) <\/label>\n<\/p>\n<p>Ich f\u00e4nde es sch\u00f6n, wenn:<br \/>\n<span class=\"wpcf7-form-control-wrap\" data-name=\"checkbox-widmung1\"><span class=\"wpcf7-form-control wpcf7-checkbox\"><span class=\"wpcf7-list-item first\"><label><input type=\"checkbox\" name=\"checkbox-widmung1[]\" value=\"Rani das Buch signiert\" \/><span class=\"wpcf7-list-item-label\">Rani das Buch signiert<\/span><\/label><\/span><span class=\"wpcf7-list-item last has-free-text\"><label><input type=\"checkbox\" name=\"checkbox-widmung1[]\" value=\"Rani mir eine Widmung hineinschreibt f\u00fcr:\" \/><span class=\"wpcf7-list-item-label\">Rani mir eine Widmung hineinschreibt f\u00fcr:<\/span><\/label> <input type=\"text\" name=\"_wpcf7_free_text_checkbox-widmung1\" class=\"wpcf7-free-text\" \/><\/span><\/span><\/span>\n<\/p>\n<p><label> Ich m\u00f6chte <span class=\"wpcf7-form-control-wrap\" data-name=\"number-anzahl2\"><input class=\"wpcf7-form-control wpcf7-number wpcf7-validates-as-required wpcf7-validates-as-number\" min=\"0\" max=\"20\" aria-required=\"true\" aria-invalid=\"false\" value=\"0\" type=\"number\" name=\"number-anzahl2\" \/><\/span> Exemplare des Buchs \u201eDer Wind und die Gardine (Aufzeichnungen)\u201c bestellen. (12,50 + 2,- Versand) <\/label>\n<\/p>\n<p>Ich f\u00e4nde es sch\u00f6n, wenn:<br \/>\n<span class=\"wpcf7-form-control-wrap\" data-name=\"checkbox-widmung2\"><span class=\"wpcf7-form-control wpcf7-checkbox\"><span class=\"wpcf7-list-item first\"><label><input type=\"checkbox\" name=\"checkbox-widmung2[]\" value=\"Rani das Buch signiert\" \/><span class=\"wpcf7-list-item-label\">Rani das Buch signiert<\/span><\/label><\/span><span class=\"wpcf7-list-item last has-free-text\"><label><input type=\"checkbox\" name=\"checkbox-widmung2[]\" value=\"Rani mir eine Widmung hineinschreibt f\u00fcr:\" \/><span class=\"wpcf7-list-item-label\">Rani mir eine Widmung hineinschreibt f\u00fcr:<\/span><\/label> <input type=\"text\" name=\"_wpcf7_free_text_checkbox-widmung2\" class=\"wpcf7-free-text\" \/><\/span><\/span><\/span>\n<\/p>\n<p>Meine Adresse lautet:\n<\/p>\n<p><label> Vorname *<br \/>\n<span class=\"wpcf7-form-control-wrap\" data-name=\"your-vorname\"><input size=\"40\" maxlength=\"15\" minlength=\"3\" class=\"wpcf7-form-control wpcf7-text wpcf7-validates-as-required\" aria-required=\"true\" aria-invalid=\"false\" value=\"\" type=\"text\" name=\"your-vorname\" \/><\/span> <\/label><br \/>\n<label> Nachname *<br \/>\n<span class=\"wpcf7-form-control-wrap\" data-name=\"your-name\"><input size=\"40\" maxlength=\"15\" minlength=\"3\" class=\"wpcf7-form-control wpcf7-text wpcf7-validates-as-required\" aria-required=\"true\" aria-invalid=\"false\" value=\"\" type=\"text\" name=\"your-name\" \/><\/span> <\/label><br \/>\n<label> Adresse und Hausnummer *<br \/>\n<span class=\"wpcf7-form-control-wrap\" data-name=\"your-adress\"><input size=\"40\" class=\"wpcf7-form-control wpcf7-text wpcf7-validates-as-required\" aria-required=\"true\" aria-invalid=\"false\" value=\"\" type=\"text\" name=\"your-adress\" \/><\/span> <\/label><br \/>\n<label> Postleitzahl *<br \/>\n<span class=\"wpcf7-form-control-wrap\" data-name=\"your-plz\"><input size=\"40\" class=\"wpcf7-form-control wpcf7-text wpcf7-validates-as-required\" aria-required=\"true\" aria-invalid=\"false\" value=\"\" type=\"text\" name=\"your-plz\" \/><\/span> <\/label><br \/>\n<label> Stadt *<br \/>\n<span class=\"wpcf7-form-control-wrap\" data-name=\"your-stadt\"><input size=\"40\" class=\"wpcf7-form-control wpcf7-text wpcf7-validates-as-required\" aria-required=\"true\" aria-invalid=\"false\" value=\"\" type=\"text\" name=\"your-stadt\" \/><\/span> <\/label><br \/>\n<label> Land *<br \/>\n<span class=\"wpcf7-form-control-wrap\" data-name=\"your-land\"><input size=\"40\" class=\"wpcf7-form-control wpcf7-text wpcf7-validates-as-required\" aria-required=\"true\" aria-invalid=\"false\" value=\"\" type=\"text\" name=\"your-land\" \/><\/span> <\/label>\n<\/p>\n<p><label> E-Mail-Adresse * (zur Bestellbest\u00e4tigung und \u00dcbermittlung der Zahlungsdaten)<br \/>\n<span class=\"wpcf7-form-control-wrap\" data-name=\"your-email\"><input size=\"40\" class=\"wpcf7-form-control wpcf7-email wpcf7-validates-as-required wpcf7-text wpcf7-validates-as-email\" aria-required=\"true\" aria-invalid=\"false\" value=\"\" type=\"email\" name=\"your-email\" \/><\/span> <\/label>\n<\/p>\n<p><label> Anmerkungen <span class=\"wpcf7-form-control-wrap\" data-name=\"your-message\"><textarea cols=\"40\" rows=\"10\" class=\"wpcf7-form-control wpcf7-textarea\" aria-invalid=\"false\" name=\"your-message\"><\/textarea><\/span> <\/label>\n<\/p>\n<p><input class=\"wpcf7-form-control wpcf7-submit has-spinner\" type=\"submit\" value=\"Senden\" \/>\n<\/p>\n<p>*=Pflichtfelder\n<\/p><p style=\"display: none !important;\" class=\"akismet-fields-container\" data-prefix=\"_wpcf7_ak_\"><label>&#916;<textarea name=\"_wpcf7_ak_hp_textarea\" cols=\"45\" rows=\"8\" maxlength=\"100\"><\/textarea><\/label><input type=\"hidden\" id=\"ak_js_1\" name=\"_wpcf7_ak_js\" value=\"185\"\/><script>document.getElementById( \"ak_js_1\" ).setAttribute( \"value\", ( new Date() ).getTime() );<\/script><\/p><div class=\"wpcf7-response-output\" aria-hidden=\"true\"><\/div>\n<\/form>\n<\/div>\n<\/div>\n","protected":false},"excerpt":{"rendered":"<p>In ihrer neuen Sammlung Aufzeichnungen mit dem Titel &#8220;Licht denken&#8221; beschreibt Rani Kaluza ber\u00fchrende und zutiefst einfache Momente eines spirituell ausgerichteten Lebens. &#8220;So viele Leben, so viele Siege und Niederlagen, nur damit wir uns\u00a0am Ende in die unscheinbarsten Momente verlieben<\/p>\n","protected":false},"author":1,"featured_media":0,"parent":0,"menu_order":0,"comment_status":"closed","ping_status":"closed","template":"","meta":{"footnotes":""},"translation":{"provider":"WPGlobus","version":"3.0.0","language":"en","enabled_languages":["de","en"],"languages":{"de":{"title":true,"content":true,"excerpt":false},"en":{"title":false,"content":false,"excerpt":false}}},"_links":{"self":[{"href":"https:\/\/doingnothing.de\/en\/wp-json\/wp\/v2\/pages\/4545"}],"collection":[{"href":"https:\/\/doingnothing.de\/en\/wp-json\/wp\/v2\/pages"}],"about":[{"href":"https:\/\/doingnothing.de\/en\/wp-json\/wp\/v2\/types\/page"}],"author":[{"embeddable":true,"href":"https:\/\/doingnothing.de\/en\/wp-json\/wp\/v2\/users\/1"}],"replies":[{"embeddable":true,"href":"https:\/\/doingnothing.de\/en\/wp-json\/wp\/v2\/comments?post=4545"}],"version-history":[{"count":79,"href":"https:\/\/doingnothing.de\/en\/wp-json\/wp\/v2\/pages\/4545\/revisions"}],"predecessor-version":[{"id":5810,"href":"https:\/\/doingnothing.de\/en\/wp-json\/wp\/v2\/pages\/4545\/revisions\/5810"}],"wp:attachment":[{"href":"https:\/\/doingnothing.de\/en\/wp-json\/wp\/v2\/media?parent=4545"}],"curies":[{"name":"wp","href":"https:\/\/api.w.org\/{rel}","templated":true}]}}