{"id":3226,"date":"2021-06-10T11:05:39","date_gmt":"2021-06-10T11:05:39","guid":{"rendered":"https:\/\/doingnothing.de\/?page_id=3226"},"modified":"2025-08-06T11:13:44","modified_gmt":"2025-08-06T11:13:44","slug":"wegbegleitung-beratung","status":"publish","type":"page","link":"https:\/\/doingnothing.de\/en\/wegbegleitung-beratung\/","title":{"rendered":"Wegbegleitung"},"content":{"rendered":"\n<p class=\"has-vivid-red-color has-text-color has-link-color has-medium-font-size wp-elements-2a2dcf34c00538a89c61976509568d3a\">Begleitung und Beratung auf dem meditativen Weg (Mentoring)<\/p>\n\n\n\n<p class=\"has-very-dark-gray-color has-text-color has-medium-font-size\"><mark style=\"background-color:rgba(0, 0, 0, 0)\" class=\"has-inline-color has-vivid-red-color\">\u2013\u2013\u2013\u2013\u2013\u2013\u2013\u2013\u2013\u2013\u2013\u2013\u2013\u2013\u2013\u2013\u2013\u2013\u2013\u2013\u2013\u2013\u2013\u2013\u2013\u2013\u2013\u2013\u2013\u2013\u2013\u2013\u2013\u2013\u2013\u2013\u2013\u2013\u2013\u2013\u2013\u2013\u2013\u2013\u2013\u2013\u2013\u2013\u2013\u2013\u2013\u2013\u2013\u2013<\/mark><\/p>\n\n\n\n<p class=\"has-vivid-red-color has-text-color has-medium-font-size\">Begleitung und Beratungsgespr\u00e4che<\/p>\n\n\n\n<p class=\"has-medium-font-size\">Jede kontemplative Reise ist von der Sehnsucht nach Befreiung, Wahrheit und Liebe gepr\u00e4gt. Diese Sehnsucht scheint f\u00fcr alle die Gleiche zu sein, doch jeder Weg ist einzigartig und pers\u00f6nlich. W\u00e4hrend wichtige Einsichten durch eigene Erfahrungen oftmals ganz alleine entdeckt werden, kommt es auch vor, dass andere Menschen sich als hilfreich erweisen, aufgrund ihrer langj\u00e4hrigen Erfahrungen und Weisheit. Rani bietet sich als Wegbegleiterin und Mentorin an, vor allem f\u00fcr den Weg des Nicht-Tuns. Dabei m\u00f6chte sie zun\u00e4chst verstehen, wo du herkommst, wo jetzt stehst, sie schaut, wo es auf deinem Weg gerade Schwierigkeiten gibt, die Aufmerksamkeit brauchen, um dann mit dir zusammen den n\u00e4chsten Schritt zu tun, wo deine Liebe hin will.<\/p>\n\n\n\n<p class=\"has-medium-font-size\">\u2013\u2013\u2013\u2013\u2013\u2013\u2013\u2013\u2013\u2013\u2013\u2013\u2013\u2013\u2013\u2013\u2013\u2013\u2013\u2013\u2013\u2013\u2013\u2013\u2013\u2013\u2013\u2013\u2013\u2013\u2013\u2013\u2013\u2013\u2013\u2013\u2013\u2013\u2013\u2013\u2013\u2013\u2013\u2013\u2013\u2013\u2013\u2013\u2013\u2013\u2013\u2013\u2013\u2013<\/p>\n\n\n\n<p class=\"has-vivid-red-color has-text-color has-medium-font-size\"><strong>Retreat-Begleitung<\/strong><\/p>\n\n\n\n<p class=\"has-medium-font-size\">Sich alleine ins Retreat zur\u00fcckzuziehen ist wundervoll und Rani unterst\u00fctzt das gerne mit einer speziellen Retreat-Begleitung. In mehreren (Zoom) Gespr\u00e4chen vor, w\u00e4hrend und nach Deinem Retreat kannst du alle wichtigen Fragen kl\u00e4ren und einige Insider-Tipps f\u00fcr eine solche Auszeit erhalten.<\/p>\n\n\n\n<p class=\"has-vivid-red-color has-text-color\">\u2013\u2013\u2013\u2013\u2013\u2013\u2013\u2013\u2013\u2013\u2013\u2013\u2013\u2013\u2013\u2013\u2013\u2013\u2013\u2013\u2013\u2013\u2013\u2013\u2013\u2013\u2013\u2013\u2013\u2013\u2013\u2013\u2013\u2013\u2013\u2013\u2013\u2013\u2013\u2013\u2013\u2013\u2013\u2013\u2013\u2013\u2013\u2013\u2013\u2013\u2013\u2013\u2013<\/p>\n\n\n\n<p class=\"has-vivid-red-color has-text-color has-medium-font-size\"> <strong>Doing Nothing Gruppen-Retreats<\/strong><\/p>\n\n\n\n<p class=\"has-medium-font-size\">Siehe eigene Seite: Retreats<\/p>\n\n\n\n<p class=\"has-luminous-vivid-amber-color has-text-color\">\u2013\u2013\u2013\u2013\u2013\u2013\u2013\u2013\u2013\u2013\u2013\u2013\u2013\u2013\u2013\u2013\u2013\u2013\u2013\u2013\u2013\u2013\u2013\u2013\u2013\u2013\u2013\u2013\u2013\u2013\u2013\u2013\u2013\u2013\u2013\u2013\u2013\u2013\u2013\u2013\u2013\u2013\u2013\u2013\u2013\u2013\u2013\u2013\u2013\u2013\u2013\u2013<\/p>\n\n\n\n<p class=\"has-vivid-red-color has-text-color has-medium-font-size\"><strong>Gesundheitsberatung<\/strong><\/p>\n\n\n\n<p class=\"has-medium-font-size\">&#8220;Den D\u00e4monen Nahrung geben.&#8221; Krankheiten sind wie Wesen, die eine Zeitlang bei uns sind und irgendwann wieder fortgehen. Aber warum sind sie da? Was m\u00f6chten sie von uns? Was wollen sie uns lehren? Das sind Fragen, die wir uns oft stellen, w\u00e4hrend wir versuchen wieder gesund zu werden. In Tibet gibt es eine besondere Praxis, die auf eine gro\u00dfe Yogini (Machig Labdr\u00f6n) aus dem 11. Jahrhundert zur\u00fcckgeht. Es ist eine unendlich weise, mitf\u00fchlende Art sich Krankheiten zu n\u00e4hern (und allem, was sonst noch belastet). Sie zeigt uns eine M\u00f6glichkeit auf, wie wir sie mithilfe unserer nat\u00fcrlichen Vorstellungskraft <em>sehen<\/em> k\u00f6nnen, ihre essenzielle Energie f\u00fchlen und kennenlernen k\u00f6nnen, um mit ihnen ins Gespr\u00e4ch zu kommen k\u00f6nnen und herauszufinden, warum sie da sind, was sie brauchen, um sich zu transformieren. Rani begleitet dich in Pr\u00e4senz durch diesen Prozess.<\/p>\n\n\n\n<p>Hier die Preise:<\/p>\n\n\n\n<p class=\"has-medium-font-size\">* Ein Gespr\u00e4ch zum Kennenlernen (kostenlos, ca. 20 Min. Telefon oder Zoom)<\/p>\n\n\n\n<p class=\"has-medium-font-size\">* Ein Beratungs-Gespr\u00e4ch (75,- ca. 50 Min. Telefon oder Zoom)<\/p>\n\n\n\n<p class=\"has-medium-font-size\">* Drei pers\u00f6nliche Beratungsgespr\u00e4che (190,- 3 x ca. 50 Min. Telefon oder Zoom)<\/p>\n\n\n\n<p class=\"has-medium-font-size\">* Retreat-Begleitung mit zwei bis drei pers\u00f6nlichen Gespr\u00e4chen (95,- Telefon oder Zoom)<\/p>\n\n\n\n<p class=\"has-medium-font-size\">* Gesundheitsberatung &#8220;Den D\u00e4monen Nahrung geben&#8221; \u00fcber Zoom (95,- 1 Stunde \/ 145,- 1,5 Stunden)<\/p>\n\n\n\n<p class=\"has-medium-font-size\">* Pers\u00f6nlicher Besuch f\u00fcr eine (Gesundheits) Beratung in Pr\u00e4senz bei Rani: (250,- ca. 2 Stunden)<\/p>\n\n\n\n<p class=\"has-medium-font-size\">*Pers\u00f6nlicher Besuch bei Rani in K\u00f6ln (170,- ca. 1,5 Stunden)<\/p>\n\n\n\n<p><\/p>\n\n\n\n<p><mark style=\"background-color:rgba(0, 0, 0, 0)\" class=\"has-inline-color has-vivid-red-color\">\u2013\u2013\u2013\u2013\u2013\u2013\u2013\u2013\u2013\u2013\u2013\u2013\u2013\u2013\u2013\u2013\u2013\u2013\u2013\u2013\u2013\u2013\u2013\u2013\u2013\u2013\u2013\u2013\u2013\u2013\u2013\u2013\u2013\u2013\u2013\u2013\u2013\u2013\u2013\u2013\u2013\u2013\u2013\u2013\u2013\u2013\u2013\u2013\u2013\u2013\u2013\u2013\u2013\u2013 <\/mark><\/p>\n\n\n\n\n<div class=\"wpcf7 no-js\" id=\"wpcf7-f3376-o1\" lang=\"de-DE\" dir=\"ltr\">\n<div class=\"screen-reader-response\"><p role=\"status\" aria-live=\"polite\" aria-atomic=\"true\"><\/p> <ul><\/ul><\/div>\n<form action=\"\/en\/wp-json\/wp\/v2\/pages\/3226#wpcf7-f3376-o1\" method=\"post\" class=\"wpcf7-form init\" aria-label=\"Kontaktformular\" novalidate=\"novalidate\" data-status=\"init\">\n<div style=\"display: none;\">\n<input type=\"hidden\" name=\"_wpcf7\" value=\"3376\" \/>\n<input type=\"hidden\" name=\"_wpcf7_version\" value=\"5.9.3\" \/>\n<input type=\"hidden\" name=\"_wpcf7_locale\" value=\"de_DE\" \/>\n<input type=\"hidden\" name=\"_wpcf7_unit_tag\" value=\"wpcf7-f3376-o1\" \/>\n<input type=\"hidden\" name=\"_wpcf7_container_post\" value=\"0\" \/>\n<input type=\"hidden\" name=\"_wpcf7_posted_data_hash\" value=\"\" \/>\n<\/div>\n<p>Hallo liebe Rani Kaluza,\n<\/p>\n<p><label> Mein Name ist *<br \/>\n<span class=\"wpcf7-form-control-wrap\" data-name=\"your-name\"><input size=\"40\" maxlength=\"30\" minlength=\"5\" class=\"wpcf7-form-control wpcf7-text wpcf7-validates-as-required\" aria-required=\"true\" aria-invalid=\"false\" value=\"\" type=\"text\" name=\"your-name\" \/><\/span> <\/label><br \/>\n<label> Meine E-Mail-Adresse *<br \/>\n<span class=\"wpcf7-form-control-wrap\" data-name=\"your-email\"><input size=\"40\" class=\"wpcf7-form-control wpcf7-email wpcf7-validates-as-required wpcf7-text wpcf7-validates-as-email\" aria-required=\"true\" aria-invalid=\"false\" value=\"\" type=\"email\" name=\"your-email\" \/><\/span> <\/label><br \/>\n<label> Meine Telefonnummer *<br \/>\n<span class=\"wpcf7-form-control-wrap\" data-name=\"tel-235\"><input size=\"40\" class=\"wpcf7-form-control wpcf7-tel wpcf7-validates-as-required wpcf7-text wpcf7-validates-as-tel\" aria-required=\"true\" aria-invalid=\"false\" value=\"\" type=\"tel\" name=\"tel-235\" \/><\/span><\/label>\n<\/p>\n<p>Ich interessiere mich f\u00fcr:\n<\/p>\n<p><span class=\"wpcf7-form-control-wrap\" data-name=\"checkbox-angebot\"><span class=\"wpcf7-form-control wpcf7-checkbox\"><span class=\"wpcf7-list-item first\"><label><input type=\"checkbox\" name=\"checkbox-angebot[]\" value=\"Rani einladen\/besuchen\" \/><span class=\"wpcf7-list-item-label\">Rani einladen\/besuchen<\/span><\/label><\/span><span class=\"wpcf7-list-item\"><label><input type=\"checkbox\" name=\"checkbox-angebot[]\" value=\"Wegbegleitung (Mentoring)\" \/><span class=\"wpcf7-list-item-label\">Wegbegleitung (Mentoring)<\/span><\/label><\/span><span class=\"wpcf7-list-item\"><label><input type=\"checkbox\" name=\"checkbox-angebot[]\" value=\"ein kostenloses Erstgespr\u00e4ch\" \/><span class=\"wpcf7-list-item-label\">ein kostenloses Erstgespr\u00e4ch<\/span><\/label><\/span><span class=\"wpcf7-list-item\"><label><input type=\"checkbox\" name=\"checkbox-angebot[]\" value=\"drei Beratungsgespr\u00e4che\" \/><span class=\"wpcf7-list-item-label\">drei Beratungsgespr\u00e4che<\/span><\/label><\/span><span class=\"wpcf7-list-item\"><label><input type=\"checkbox\" name=\"checkbox-angebot[]\" value=\"zehn Beratungsgespr\u00e4che\" \/><span class=\"wpcf7-list-item-label\">zehn Beratungsgespr\u00e4che<\/span><\/label><\/span><span class=\"wpcf7-list-item\"><label><input type=\"checkbox\" name=\"checkbox-angebot[]\" value=\"die Retreat-Begleitung\" \/><span class=\"wpcf7-list-item-label\">die Retreat-Begleitung<\/span><\/label><\/span><span class=\"wpcf7-list-item last\"><label><input type=\"checkbox\" name=\"checkbox-angebot[]\" value=\"die Gruppen-Retreats\" \/><span class=\"wpcf7-list-item-label\">die Gruppen-Retreats<\/span><\/label><\/span><\/span><\/span> und w\u00fcrde diesbez\u00fcglich gerne Kontakt zu Dir aufnehmen.\n<\/p>\n<p><label> Anmerkungen:<br \/>\n<span class=\"wpcf7-form-control-wrap\" data-name=\"your-message\"><textarea cols=\"40\" rows=\"10\" class=\"wpcf7-form-control wpcf7-textarea\" aria-invalid=\"false\" name=\"your-message\"><\/textarea><\/span> <\/label>\n<\/p>\n<p><input class=\"wpcf7-form-control wpcf7-submit has-spinner\" type=\"submit\" value=\"Senden\" \/>\n<\/p>\n<p>*=Pflichtfeld\n<\/p><p style=\"display: none !important;\" class=\"akismet-fields-container\" data-prefix=\"_wpcf7_ak_\"><label>&#916;<textarea name=\"_wpcf7_ak_hp_textarea\" cols=\"45\" rows=\"8\" maxlength=\"100\"><\/textarea><\/label><input type=\"hidden\" id=\"ak_js_1\" name=\"_wpcf7_ak_js\" value=\"155\"\/><script>document.getElementById( \"ak_js_1\" ).setAttribute( \"value\", ( new Date() ).getTime() );<\/script><\/p><div class=\"wpcf7-response-output\" aria-hidden=\"true\"><\/div>\n<\/form>\n<\/div>\n\n","protected":false},"excerpt":{"rendered":"<p>Begleitung und Beratung auf dem meditativen Weg (Mentoring) \u2013\u2013\u2013\u2013\u2013\u2013\u2013\u2013\u2013\u2013\u2013\u2013\u2013\u2013\u2013\u2013\u2013\u2013\u2013\u2013\u2013\u2013\u2013\u2013\u2013\u2013\u2013\u2013\u2013\u2013\u2013\u2013\u2013\u2013\u2013\u2013\u2013\u2013\u2013\u2013\u2013\u2013\u2013\u2013\u2013\u2013\u2013\u2013\u2013\u2013\u2013\u2013\u2013\u2013 Begleitung und Beratungsgespr\u00e4che Jede kontemplative Reise ist von der Sehnsucht nach Befreiung, Wahrheit und Liebe gepr\u00e4gt. Diese Sehnsucht scheint f\u00fcr alle die Gleiche zu sein, doch jeder Weg ist einzigartig und<\/p>\n","protected":false},"author":1,"featured_media":0,"parent":0,"menu_order":0,"comment_status":"closed","ping_status":"closed","template":"","meta":{"footnotes":""},"translation":{"provider":"WPGlobus","version":"3.0.0","language":"en","enabled_languages":["de","en"],"languages":{"de":{"title":true,"content":true,"excerpt":false},"en":{"title":false,"content":false,"excerpt":false}}},"_links":{"self":[{"href":"https:\/\/doingnothing.de\/en\/wp-json\/wp\/v2\/pages\/3226"}],"collection":[{"href":"https:\/\/doingnothing.de\/en\/wp-json\/wp\/v2\/pages"}],"about":[{"href":"https:\/\/doingnothing.de\/en\/wp-json\/wp\/v2\/types\/page"}],"author":[{"embeddable":true,"href":"https:\/\/doingnothing.de\/en\/wp-json\/wp\/v2\/users\/1"}],"replies":[{"embeddable":true,"href":"https:\/\/doingnothing.de\/en\/wp-json\/wp\/v2\/comments?post=3226"}],"version-history":[{"count":206,"href":"https:\/\/doingnothing.de\/en\/wp-json\/wp\/v2\/pages\/3226\/revisions"}],"predecessor-version":[{"id":6011,"href":"https:\/\/doingnothing.de\/en\/wp-json\/wp\/v2\/pages\/3226\/revisions\/6011"}],"wp:attachment":[{"href":"https:\/\/doingnothing.de\/en\/wp-json\/wp\/v2\/media?parent=3226"}],"curies":[{"name":"wp","href":"https:\/\/api.w.org\/{rel}","templated":true}]}}