{"id":21,"date":"2018-04-10T09:47:02","date_gmt":"2018-04-10T09:47:02","guid":{"rendered":"https:\/\/doingnothing.de\/?page_id=21"},"modified":"2026-03-31T06:43:19","modified_gmt":"2026-03-31T06:43:19","slug":"aktuelles","status":"publish","type":"page","link":"https:\/\/doingnothing.de\/en\/aktuelles\/","title":{"rendered":"News and Events"},"content":{"rendered":"\n<p>Rani\u00b4s book <a rel=\"noreferrer noopener\" aria-label=\" (\u00f6ffnet in neuem Tab)\" href=\"https:\/\/www.amazon.de\/Doing-Nothing-%C3%9Cber-Kunst-Nicht\/dp\/395883535X\/ref=sr_1_1?__mk_de_DE=%C3%85M%C3%85%C5%BD%C3%95%C3%91&amp;dchild=1&amp;keywords=rani+kaluza&amp;qid=1621263859&amp;sr=8-1\" target=\"_blank\">&#8220;Doing Nothing &#8211; On the high art of not doing&#8221; <\/a>will be published by Kamphausen-Media in September 2021 (in German).<\/p>\n\n\n\n<p>If you want to stay in touch with Rani\u00b4s work, you can subscribe to the <a href=\"https:\/\/doingnothing.de\/newsletter\/\">Doing Nothing Newsletter<\/a> (tell Rani if you need an English version) or check out the <a href=\"https:\/\/www.facebook.com\/DoingNothingRetreats\">Doing Nothing Facebook page.<\/a> <\/p>\n\n\n\n<p><\/p>\n","protected":false},"excerpt":{"rendered":"<p>Meine Retreat-Reise zum Berg Montsegur\u00a0 Die gef\u00fchrte Meditation (unten) habe ich mit Blick am Berg Montsegur in den Pyren\u00e4en aufgenommen. Das Mikrofon hatte ich sehr sensibel eingestellt, um euch einen Eindruck von der Atmosph\u00e4re der Umgebung zu geben. Am Ende<\/p>\n","protected":false},"author":1,"featured_media":0,"parent":0,"menu_order":0,"comment_status":"closed","ping_status":"closed","template":"","meta":{"footnotes":""},"translation":{"provider":"WPGlobus","version":"3.0.0","language":"en","enabled_languages":["de","en"],"languages":{"de":{"title":true,"content":true,"excerpt":false},"en":{"title":true,"content":true,"excerpt":false}}},"_links":{"self":[{"href":"https:\/\/doingnothing.de\/en\/wp-json\/wp\/v2\/pages\/21"}],"collection":[{"href":"https:\/\/doingnothing.de\/en\/wp-json\/wp\/v2\/pages"}],"about":[{"href":"https:\/\/doingnothing.de\/en\/wp-json\/wp\/v2\/types\/page"}],"author":[{"embeddable":true,"href":"https:\/\/doingnothing.de\/en\/wp-json\/wp\/v2\/users\/1"}],"replies":[{"embeddable":true,"href":"https:\/\/doingnothing.de\/en\/wp-json\/wp\/v2\/comments?post=21"}],"version-history":[{"count":821,"href":"https:\/\/doingnothing.de\/en\/wp-json\/wp\/v2\/pages\/21\/revisions"}],"predecessor-version":[{"id":6230,"href":"https:\/\/doingnothing.de\/en\/wp-json\/wp\/v2\/pages\/21\/revisions\/6230"}],"wp:attachment":[{"href":"https:\/\/doingnothing.de\/en\/wp-json\/wp\/v2\/media?parent=21"}],"curies":[{"name":"wp","href":"https:\/\/api.w.org\/{rel}","templated":true}]}}